{"id":628,"date":"2013-04-01T11:45:52","date_gmt":"2013-04-01T11:45:52","guid":{"rendered":"http:\/\/77.40.188.10\/dev\/dev\/stinesofies\/?page_id=628"},"modified":"2013-04-01T11:45:52","modified_gmt":"2013-04-01T11:45:52","slug":"hva-er-seksuelle-overgrep-u","status":"publish","type":"page","link":"https:\/\/jegvilvite.no\/?page_id=628","title":{"rendered":"Hva er seksuelle overgrep? (u)"},"content":{"rendered":"<p>\u00c5 bli utsatt for overgrep betyr at en persons private grense overtredes og krenkes. Seksuelle overgrep betyr ufrivillig \u00e5 bli utsatt for seksuelle handlinger fra andre. All seksuell omgang med barn er seksuelle overgrep. Overgrep kan inkludere blotting, u\u00f8nsket ber\u00f8ring, p\u00e5tvunget seksuell aktivitet, voldtekt, seksuelle handlinger som er smertefulle og voldelige. Ingen har rett til \u00e5 p\u00e5tvinge seg seksuell omgang med et annet menneske \u2013 om det er et barn, ungdom eller voksen.<\/p>\n<span class=\"toggle_anchor\" href=\"#\">En man kjenner<\/span><div class=\"togglebox\"><div class=\"content\">\n<p>Overgrep beg\u00e5s ofte av en man kjenner fra f\u00f8r, og som derfor misbruker den tilliten offeret kanskje har til den personen. Det kan v\u00e6re en i familien, p\u00e5 trening, blant venner, en nabo. Det kan skje gradvis uten at man f\u00f8rst er klar over hva som egentlig foreg\u00e5r. Husk at ingen kan gj\u00f8re noe med deg som du ikke selv vil uansett hvem det er. Kun du bestemmer over din egen kropp.\u00a0<\/div><\/div><span class=\"toggle_anchor\" href=\"#\">Skal bare kose litt<\/span><div class=\"togglebox\"><div class=\"content\">Seksuelle overgrep kan utf\u00f8res fra dem du minst venter det. Fedre, m\u00f8dre, onkler, presten, treneren, l\u00e6reren eller en total fremmed som virker snill og grei. Det er fint med n\u00e6rhet og gode klemmer. Men ingen har rett til \u00e5 kose med tissen din eller kreve at du skal gj\u00f8re noe med tissen til en voksen. Et \u00abnei\u00bb er alltid et \u00abnei\u00bb. Ingen skal utsettes for seksuelle handlinger uten at de selv \u00f8nsker det. Det gjelder alle, barn og ungdom.<\/p>\n<p>Kjenn hvor dine grenser g\u00e5r. Det er din kropp. Hvis du utsettes for slike krav fra en voksen, eller du kjenner noen som opplever dette, fortell det til noen du stoler p\u00e5 og s\u00f8k hjelp.<\/div><\/div><\/p>\n","protected":false},"excerpt":{"rendered":"<p>\u00c5 bli utsatt for overgrep betyr at en persons private grense overtredes og krenkes. Seksuelle overgrep betyr ufrivillig \u00e5 bli utsatt for seksuelle handlinger fra andre. All seksuell omgang med barn er seksuelle overgrep. Overgrep kan inkludere blotting, u\u00f8nsket ber\u00f8ring, p\u00e5tvunget seksuell aktivitet, voldtekt, seksuelle handlinger som er smertefulle og voldelige. Ingen har rett til [&hellip;]<\/p>\n","protected":false},"author":5,"featured_media":0,"parent":605,"menu_order":0,"comment_status":"closed","ping_status":"closed","template":"","meta":[],"_links":{"self":[{"href":"https:\/\/jegvilvite.no\/index.php?rest_route=\/wp\/v2\/pages\/628"}],"collection":[{"href":"https:\/\/jegvilvite.no\/index.php?rest_route=\/wp\/v2\/pages"}],"about":[{"href":"https:\/\/jegvilvite.no\/index.php?rest_route=\/wp\/v2\/types\/page"}],"author":[{"embeddable":true,"href":"https:\/\/jegvilvite.no\/index.php?rest_route=\/wp\/v2\/users\/5"}],"replies":[{"embeddable":true,"href":"https:\/\/jegvilvite.no\/index.php?rest_route=%2Fwp%2Fv2%2Fcomments&post=628"}],"version-history":[{"count":1,"href":"https:\/\/jegvilvite.no\/index.php?rest_route=\/wp\/v2\/pages\/628\/revisions"}],"predecessor-version":[{"id":629,"href":"https:\/\/jegvilvite.no\/index.php?rest_route=\/wp\/v2\/pages\/628\/revisions\/629"}],"up":[{"embeddable":true,"href":"https:\/\/jegvilvite.no\/index.php?rest_route=\/wp\/v2\/pages\/605"}],"wp:attachment":[{"href":"https:\/\/jegvilvite.no\/index.php?rest_route=%2Fwp%2Fv2%2Fmedia&parent=628"}],"curies":[{"name":"wp","href":"https:\/\/api.w.org\/{rel}","templated":true}]}}