{"id":619,"date":"2013-04-01T11:30:28","date_gmt":"2013-04-01T11:30:28","guid":{"rendered":"http:\/\/77.40.188.10\/dev\/dev\/stinesofies\/?page_id=619"},"modified":"2013-04-01T11:33:27","modified_gmt":"2013-04-01T11:33:27","slug":"hva-er-fysisk-vold-u","status":"publish","type":"page","link":"https:\/\/jegvilvite.no\/?page_id=619","title":{"rendered":"Hva er fysisk vold? (u)"},"content":{"rendered":"<p>Fysisk vold er handlinger som skader og kontrollerer andre mennesker. Voldelige handlinger betyr at en eller flere personer utsetter et annet menneske for fysisk smerte. I Norge er det ulovlig for voksne \u00e5 sl\u00e5 barn. Det gjelder ogs\u00e5 foreldre. Voksne er st\u00f8rre og sterkere enn barn, og det er overhodet ikke lov \u00e5 straffe sine barn med fysisk vold. Hvis man er vitne til at barn blir utsatt for fysisk vold, eller selv blir utsatt for dette, m\u00e5 man si fra og s\u00f8ke hjelp.<\/p>\n<p>Fysisk vold skjer i mange sammenhenger i samfunnet. P\u00e5 skolen, p\u00e5 lekeplassen, i hjemmet, p\u00e5 treningen. Uansett hvor det skjer og med hvem er det totalt uakseptabelt \u00e5 utsette noen for vold.<\/p>\n<p>Mange barn er vitne til vold hjemme. Dette har store konsekvenser, skaper frykt og kan resultere i angst og psykiske lidelser senere i livet. Hvis du kjenner noen som utsettes for vold direkte eller er vitne til vold hjemme, si fra. Hvis du selv utsettes for vold, fortell det til noen du stoler p\u00e5 og s\u00f8k hjelp.<\/p>\n<p><strong>Les mer:<\/strong><\/p>\n<span class=\"toggle_anchor\" href=\"#\">Vold p\u00e5 skolen<\/span><div class=\"togglebox\"><div class=\"content\">\n<p>P\u00e5 skolen kan voldelige episoder ofte skje i det skjulte. Bak en vegg, etter skoletid eller n\u00e5r ingen ser. Det kan v\u00e6re trusler om vold for \u00e5 presse noen til \u00e5 gj\u00f8re noe de ikke vil. Det kan v\u00e6re sm\u00e5 fysiske angrep for \u00e5 skremme. De voksne f\u00e5r ofte ikke med seg alt som skjer p\u00e5 skolen, siden mobbere og overgripere kan v\u00e6re smarte og er voldelige n\u00e5r ingen ser det og offeret er alene. Det er mange som holder sine problemer for seg selv, fordi de ikke t\u00f8rr si det til noen av redsel for at de skal bli utsatt for enda mer vold.<\/p>\n<p>Hvis du selv blir utsatt for vold p\u00e5 skolen, eller du kjenner noen som har det vondt fordi de blir sl\u00e5tt og mobbet, si det til noen du stoler p\u00e5. Om det er l\u00e6reren din, helses\u00f8ster og foreldre. Ingen skal finne seg i \u00e5 bli utsatt for vold p\u00e5 skolen, der man skal l\u00e6re og der man skal f\u00e5 venner.<\/div><\/div><span class=\"toggle_anchor\" href=\"#\">Hvor g\u00e5r grensen?<\/span><div class=\"togglebox\"><div class=\"content\"> I oppveksten kan ofte lek og sport bli litt voldsom. Det er ikke alt som er vold. Men hvis man tenker seg om er det lett \u00e5 se eller f\u00f8le hvor grensen g\u00e5r. Ingen skal true seg til noe med vold, straffe andre ved \u00e5 sl\u00e5 eller forvolde andre fysisk smerte.\u00a0<\/div><\/div><span class=\"toggle_anchor\" href=\"#\">Vold i hjemmet<\/span><div class=\"togglebox\"><div class=\"content\"> Det er store m\u00f8rketall n\u00e5r det gjelder hvor mange som utsettes for vold i hjemmet. Veldig mange barn er vitne til vold mellom voksne. Dette skaper frykt og angst, og kan f\u00e5 store konsekvenser senere i livet. Det er en forferdelig p\u00e5 kjenning for barn \u00e5 v\u00e6re vitne til voldelige overgrep mellom voksne. Mange barn utsettes for vold selv, fysisk avstraffelse fra foreldre eller vold fra s\u00f8sken. Det er ikke lov \u00e5 straffe noen fysisk hjemme. Det er aldri lov \u00e5 utsette barn og unge for vold. Om det er \u00e5 stenge dem inne, sl\u00e5, knipe og alt annet som p\u00e5f\u00f8rer et annet menneske fysiske smerter. Si fra hvis du ser at slikt skjer, og s\u00f8k hjelp hvis du selv utsettes for vold hjemme.\u00a0<\/div><\/div><span class=\"toggle_anchor\" href=\"#\">Er det lov at pappa sl\u00e5r?<\/span><div class=\"togglebox\"><div class=\"content\">Nei. Det er ikke lov \u00e5 sl\u00e5 sine barn i Norge. Hverken mor, far eller st\u00f8rre s\u00f8sken har lov til \u00e5 straffe barn og unge fysisk med slag eller annet som gir fysisk smerte. \u00c5 sl\u00e5 er straffbart i Norge, og alle som enten er vitne til slik vold eller selv opplever det m\u00e5 be om hjelp til \u00e5 f\u00e5 det stanset.<\/p>\n<p><\/div><\/div><\/p>\n","protected":false},"excerpt":{"rendered":"<p>Fysisk vold er handlinger som skader og kontrollerer andre mennesker. Voldelige handlinger betyr at en eller flere personer utsetter et annet menneske for fysisk smerte. I Norge er det ulovlig for voksne \u00e5 sl\u00e5 barn. Det gjelder ogs\u00e5 foreldre. Voksne er st\u00f8rre og sterkere enn barn, og det er overhodet ikke lov \u00e5 straffe sine [&hellip;]<\/p>\n","protected":false},"author":5,"featured_media":0,"parent":605,"menu_order":0,"comment_status":"closed","ping_status":"closed","template":"","meta":[],"_links":{"self":[{"href":"https:\/\/jegvilvite.no\/index.php?rest_route=\/wp\/v2\/pages\/619"}],"collection":[{"href":"https:\/\/jegvilvite.no\/index.php?rest_route=\/wp\/v2\/pages"}],"about":[{"href":"https:\/\/jegvilvite.no\/index.php?rest_route=\/wp\/v2\/types\/page"}],"author":[{"embeddable":true,"href":"https:\/\/jegvilvite.no\/index.php?rest_route=\/wp\/v2\/users\/5"}],"replies":[{"embeddable":true,"href":"https:\/\/jegvilvite.no\/index.php?rest_route=%2Fwp%2Fv2%2Fcomments&post=619"}],"version-history":[{"count":4,"href":"https:\/\/jegvilvite.no\/index.php?rest_route=\/wp\/v2\/pages\/619\/revisions"}],"predecessor-version":[{"id":624,"href":"https:\/\/jegvilvite.no\/index.php?rest_route=\/wp\/v2\/pages\/619\/revisions\/624"}],"up":[{"embeddable":true,"href":"https:\/\/jegvilvite.no\/index.php?rest_route=\/wp\/v2\/pages\/605"}],"wp:attachment":[{"href":"https:\/\/jegvilvite.no\/index.php?rest_route=%2Fwp%2Fv2%2Fmedia&parent=619"}],"curies":[{"name":"wp","href":"https:\/\/api.w.org\/{rel}","templated":true}]}}